{"id":960,"date":"2025-06-24T23:42:54","date_gmt":"2025-06-25T02:42:54","guid":{"rendered":"http:\/\/localhost:8888\/?page_id=960"},"modified":"2025-10-03T19:09:45","modified_gmt":"2025-10-03T22:09:45","slug":"960-2","status":"publish","type":"page","link":"https:\/\/www.englishparty.cl\/index.php\/960-2\/","title":{"rendered":"Juegos"},"content":{"rendered":"\n<div class=\"wp-block-stackable-columns stk-block-columns stk-block stk-3f7184f\" data-block-id=\"3f7184f\"><div class=\"stk-row stk-inner-blocks stk-block-content stk-content-align stk-3f7184f-column\">\n<div class=\"wp-block-stackable-column stk-block-column stk-column stk-block stk-2e75c09\" data-v=\"4\" data-block-id=\"2e75c09\"><style>@media screen and (min-width:690px){.stk-2e75c09 {flex:var(--stk-flex-grow, 1) 1 33.3% !important;}}<\/style><div class=\"stk-column-wrapper stk-block-column__content stk-container stk-2e75c09-container stk--no-background stk--no-padding\"><div class=\"stk-block-content stk-inner-blocks stk-2e75c09-inner-blocks\">\n<div class=\"wp-block-stackable-hero stk-block-hero stk-block stk-b7cee2c stk-block-background is-style-default\" data-v=\"2\" data-block-id=\"b7cee2c\"><style>.stk-b7cee2c-inner-blocks{justify-content:center !important;}.stk-b7cee2c {background-color:var(--theme-palette-color-8, #ffffff) !important;border-top-left-radius:var(--stk--preset--border-radius--x-small, 2px) !important;border-top-right-radius:var(--stk--preset--border-radius--x-small, 2px) !important;border-bottom-right-radius:var(--stk--preset--border-radius--x-small, 2px) !important;border-bottom-left-radius:var(--stk--preset--border-radius--x-small, 2px) !important;overflow:hidden !important;box-shadow:0 5px 5px 0 #123f5209 !important;}.stk-b7cee2c:before{background-color:var(--theme-palette-color-8, #ffffff) !important;}.stk-b7cee2c-container{background-image:url(https:\/\/www.englishparty.cl\/wp-content\/uploads\/2025\/07\/fondoactividades3.png) !important;}.stk-b7cee2c-container:before{opacity:0 !important;}.stk-b7cee2c .stk-block-hero__content{min-height:500px !important;align-items:center !important;display:flex !important;}<\/style><div class=\"stk-block-hero__content stk-content-align stk-b7cee2c-column stk-container stk-b7cee2c-container stk-hover-parent stk--has-background-overlay\"><div class=\"stk-block-content stk-inner-blocks has-text-align-center stk--column-flex stk-b7cee2c-inner-blocks\">\n<p><\/p>\n\n\n\n<p><\/p>\n\n\n\n<p><\/p>\n\n\n\n<div class=\"wp-block-stackable-heading stk-block-heading stk-block-heading--v2 stk-block stk-c16837f\" id=\"juegos\" data-block-id=\"c16837f\"><style>.stk-c16837f .stk-block-heading__top-line{height:5px !important;margin-bottom:22px !important;}.stk-c16837f {padding-top:var(--stk--preset--spacing--none, 0px) !important;padding-right:var(--stk--preset--spacing--none, 0px) !important;padding-bottom:var(--stk--preset--spacing--none, 0px) !important;padding-left:var(--stk--preset--spacing--none, 0px) !important;margin-top:var(--stk--preset--spacing--60, 2.25rem) !important;}@media screen and (max-width:689px){.stk-c16837f {margin-top:var(--stk--preset--spacing--80, 5.06rem) !important;}}<\/style><h2 class=\"stk-block-heading__text\">Juegos!<\/h2><\/div>\n\n\n\n<div class=\"wp-block-stackable-text stk-block-text stk-block stk-9439674\" data-block-id=\"9439674\"><p class=\"stk-block-text__text\">\u00a1Descubre el poder del trabajo en equipo con las sesiones de juegos de English Party! Nuestra amplia colecci\u00f3n de juegos fomenta la conversaci\u00f3n, fortalece la colaboraci\u00f3n y crea un ambiente din\u00e1mico donde los participantes ganan confianza, sueltan la lengua y practican ingl\u00e9s mientras se divierten en equipo.<\/p><\/div>\n\n\n\n<p><\/p>\n\n\n\n<div class=\"wp-block-stackable-image stk-block-image stk-block stk-35b6175\" data-block-id=\"35b6175\"><style>.stk-35b6175 .stk-img-wrapper{width:30% !important;}<\/style><figure><span class=\"stk-img-wrapper stk-image--shape-stretch\"><img loading=\"lazy\" decoding=\"async\" class=\"stk-img wp-image-704\" src=\"https:\/\/www.englishparty.cl\/wp-content\/uploads\/2025\/06\/logo_banner.png\" width=\"463\" height=\"339\" srcset=\"https:\/\/www.englishparty.cl\/wp-content\/uploads\/2025\/06\/logo_banner.png 463w, https:\/\/www.englishparty.cl\/wp-content\/uploads\/2025\/06\/logo_banner-300x220.png 300w\" sizes=\"auto, (max-width: 463px) 100vw, 463px\" \/><\/span><\/figure><\/div>\n<\/div><\/div><\/div>\n<\/div><\/div><\/div>\n\n\n\n<div class=\"wp-block-stackable-column stk-block-column stk-column stk-block stk-1777b17\" data-v=\"4\" data-block-id=\"1777b17\"><style>.stk-1777b17-container{margin-top:var(--stk--preset--spacing--none, 0px) !important;margin-right:var(--stk--preset--spacing--none, 0px) !important;margin-bottom:var(--stk--preset--spacing--none, 0px) !important;margin-left:var(--stk--preset--spacing--none, 0px) !important;min-height:var(--stk--preset--block-height--none, 0px) !important;max-width:1500px !important;min-width:auto !important;padding-top:var(--stk--preset--spacing--none, 0px) !important;padding-right:var(--stk--preset--spacing--none, 0px) !important;padding-bottom:var(--stk--preset--spacing--none, 0px) !important;padding-left:var(--stk--preset--spacing--none, 0px) !important;}.stk-1777b17-inner-blocks{row-gap:var(--stk--preset--spacing--none, 0px) !important;}@media screen and (min-width:690px){.stk-1777b17 {flex:var(--stk-flex-grow, 1) 1 66.7% !important;}}<\/style><div class=\"stk-column-wrapper stk-block-column__content stk-container stk-1777b17-container stk--no-background stk--no-padding\"><div class=\"stk-block-content stk-inner-blocks stk-1777b17-inner-blocks\">\n<figure class=\"wp-block-gallery has-nested-images columns-default is-cropped wp-block-gallery-1 is-layout-flex wp-block-gallery-is-layout-flex\">\n<figure class=\"wp-block-image size-large\"><img loading=\"lazy\" decoding=\"async\" width=\"1024\" height=\"752\" data-id=\"937\" src=\"https:\/\/www.orbitatierra.cl\/wp-content\/uploads\/2025\/06\/gm_05-2-1024x752.jpg\" alt=\"\" class=\"wp-image-937\" srcset=\"https:\/\/www.englishparty.cl\/wp-content\/uploads\/2025\/06\/gm_05-2-1024x752.jpg 1024w, https:\/\/www.englishparty.cl\/wp-content\/uploads\/2025\/06\/gm_05-2-300x220.jpg 300w, https:\/\/www.englishparty.cl\/wp-content\/uploads\/2025\/06\/gm_05-2-768x564.jpg 768w, https:\/\/www.englishparty.cl\/wp-content\/uploads\/2025\/06\/gm_05-2-500x367.jpg 500w, https:\/\/www.englishparty.cl\/wp-content\/uploads\/2025\/06\/gm_05-2-800x587.jpg 800w, https:\/\/www.englishparty.cl\/wp-content\/uploads\/2025\/06\/gm_05-2.jpg 1226w\" sizes=\"auto, (max-width: 1024px) 100vw, 1024px\" \/><\/figure>\n\n\n\n<figure class=\"wp-block-image size-large\"><img loading=\"lazy\" decoding=\"async\" width=\"1024\" height=\"752\" data-id=\"918\" src=\"https:\/\/www.orbitatierra.cl\/wp-content\/uploads\/2025\/06\/gm_05-1-1024x752.jpg\" alt=\"\" class=\"wp-image-918\" srcset=\"https:\/\/www.englishparty.cl\/wp-content\/uploads\/2025\/06\/gm_05-1-1024x752.jpg 1024w, https:\/\/www.englishparty.cl\/wp-content\/uploads\/2025\/06\/gm_05-1-300x220.jpg 300w, https:\/\/www.englishparty.cl\/wp-content\/uploads\/2025\/06\/gm_05-1-768x564.jpg 768w, https:\/\/www.englishparty.cl\/wp-content\/uploads\/2025\/06\/gm_05-1-500x367.jpg 500w, https:\/\/www.englishparty.cl\/wp-content\/uploads\/2025\/06\/gm_05-1-800x587.jpg 800w, https:\/\/www.englishparty.cl\/wp-content\/uploads\/2025\/06\/gm_05-1.jpg 1226w\" sizes=\"auto, (max-width: 1024px) 100vw, 1024px\" \/><\/figure>\n\n\n\n<figure class=\"wp-block-image size-large\"><img loading=\"lazy\" decoding=\"async\" width=\"1024\" height=\"752\" data-id=\"917\" src=\"https:\/\/www.orbitatierra.cl\/wp-content\/uploads\/2025\/06\/gm_04-1-1024x752.jpg\" alt=\"\" class=\"wp-image-917\" srcset=\"https:\/\/www.englishparty.cl\/wp-content\/uploads\/2025\/06\/gm_04-1-1024x752.jpg 1024w, https:\/\/www.englishparty.cl\/wp-content\/uploads\/2025\/06\/gm_04-1-300x220.jpg 300w, https:\/\/www.englishparty.cl\/wp-content\/uploads\/2025\/06\/gm_04-1-768x564.jpg 768w, https:\/\/www.englishparty.cl\/wp-content\/uploads\/2025\/06\/gm_04-1-500x367.jpg 500w, https:\/\/www.englishparty.cl\/wp-content\/uploads\/2025\/06\/gm_04-1-800x587.jpg 800w, https:\/\/www.englishparty.cl\/wp-content\/uploads\/2025\/06\/gm_04-1.jpg 1226w\" sizes=\"auto, (max-width: 1024px) 100vw, 1024px\" \/><\/figure>\n\n\n\n<figure class=\"wp-block-image size-large\"><img loading=\"lazy\" decoding=\"async\" width=\"1024\" height=\"752\" data-id=\"914\" src=\"https:\/\/www.orbitatierra.cl\/wp-content\/uploads\/2025\/06\/gm_01-1-1024x752.jpg\" alt=\"\" class=\"wp-image-914\" srcset=\"https:\/\/www.englishparty.cl\/wp-content\/uploads\/2025\/06\/gm_01-1-1024x752.jpg 1024w, https:\/\/www.englishparty.cl\/wp-content\/uploads\/2025\/06\/gm_01-1-300x220.jpg 300w, https:\/\/www.englishparty.cl\/wp-content\/uploads\/2025\/06\/gm_01-1-768x564.jpg 768w, https:\/\/www.englishparty.cl\/wp-content\/uploads\/2025\/06\/gm_01-1-500x367.jpg 500w, https:\/\/www.englishparty.cl\/wp-content\/uploads\/2025\/06\/gm_01-1-800x587.jpg 800w, https:\/\/www.englishparty.cl\/wp-content\/uploads\/2025\/06\/gm_01-1.jpg 1226w\" sizes=\"auto, (max-width: 1024px) 100vw, 1024px\" \/><\/figure>\n\n\n\n<figure class=\"wp-block-image size-large\"><img loading=\"lazy\" decoding=\"async\" width=\"800\" height=\"800\" data-id=\"735\" src=\"https:\/\/www.orbitatierra.cl\/wp-content\/uploads\/2025\/06\/cuadrado3.png\" alt=\"\" class=\"wp-image-735\" srcset=\"https:\/\/www.englishparty.cl\/wp-content\/uploads\/2025\/06\/cuadrado3.png 800w, https:\/\/www.englishparty.cl\/wp-content\/uploads\/2025\/06\/cuadrado3-300x300.png 300w, https:\/\/www.englishparty.cl\/wp-content\/uploads\/2025\/06\/cuadrado3-150x150.png 150w, https:\/\/www.englishparty.cl\/wp-content\/uploads\/2025\/06\/cuadrado3-768x768.png 768w, https:\/\/www.englishparty.cl\/wp-content\/uploads\/2025\/06\/cuadrado3-500x500.png 500w\" sizes=\"auto, (max-width: 800px) 100vw, 800px\" \/><\/figure>\n\n\n\n<figure class=\"wp-block-image size-large\"><img loading=\"lazy\" decoding=\"async\" width=\"800\" height=\"800\" data-id=\"736\" src=\"https:\/\/www.orbitatierra.cl\/wp-content\/uploads\/2025\/06\/cuadrado4.png\" alt=\"\" class=\"wp-image-736\" srcset=\"https:\/\/www.englishparty.cl\/wp-content\/uploads\/2025\/06\/cuadrado4.png 800w, https:\/\/www.englishparty.cl\/wp-content\/uploads\/2025\/06\/cuadrado4-300x300.png 300w, https:\/\/www.englishparty.cl\/wp-content\/uploads\/2025\/06\/cuadrado4-150x150.png 150w, https:\/\/www.englishparty.cl\/wp-content\/uploads\/2025\/06\/cuadrado4-768x768.png 768w, https:\/\/www.englishparty.cl\/wp-content\/uploads\/2025\/06\/cuadrado4-500x500.png 500w\" sizes=\"auto, (max-width: 800px) 100vw, 800px\" \/><\/figure>\n\n\n\n<figure class=\"wp-block-image size-large\"><img loading=\"lazy\" decoding=\"async\" width=\"800\" height=\"800\" data-id=\"734\" src=\"https:\/\/www.orbitatierra.cl\/wp-content\/uploads\/2025\/06\/cuadrado2.png\" alt=\"\" class=\"wp-image-734\" srcset=\"https:\/\/www.englishparty.cl\/wp-content\/uploads\/2025\/06\/cuadrado2.png 800w, https:\/\/www.englishparty.cl\/wp-content\/uploads\/2025\/06\/cuadrado2-300x300.png 300w, https:\/\/www.englishparty.cl\/wp-content\/uploads\/2025\/06\/cuadrado2-150x150.png 150w, https:\/\/www.englishparty.cl\/wp-content\/uploads\/2025\/06\/cuadrado2-768x768.png 768w, https:\/\/www.englishparty.cl\/wp-content\/uploads\/2025\/06\/cuadrado2-500x500.png 500w\" sizes=\"auto, (max-width: 800px) 100vw, 800px\" \/><\/figure>\n\n\n\n<figure class=\"wp-block-image size-large\"><img loading=\"lazy\" decoding=\"async\" width=\"800\" height=\"800\" data-id=\"733\" src=\"https:\/\/www.orbitatierra.cl\/wp-content\/uploads\/2025\/06\/cuadrado1.png\" alt=\"\" class=\"wp-image-733\" srcset=\"https:\/\/www.englishparty.cl\/wp-content\/uploads\/2025\/06\/cuadrado1.png 800w, https:\/\/www.englishparty.cl\/wp-content\/uploads\/2025\/06\/cuadrado1-300x300.png 300w, https:\/\/www.englishparty.cl\/wp-content\/uploads\/2025\/06\/cuadrado1-150x150.png 150w, https:\/\/www.englishparty.cl\/wp-content\/uploads\/2025\/06\/cuadrado1-768x768.png 768w, https:\/\/www.englishparty.cl\/wp-content\/uploads\/2025\/06\/cuadrado1-500x500.png 500w\" sizes=\"auto, (max-width: 800px) 100vw, 800px\" \/><\/figure>\n<\/figure>\n<\/div><\/div><\/div>\n<\/div><\/div>\n\n\n\n<div class=\"wp-block-stackable-icon-box stk-block-icon-box stk-block stk-a28631c\" data-v=\"2\" data-block-id=\"a28631c\"><div class=\"stk-block-content stk-inner-blocks stk-block-icon-box__content stk-container stk-a28631c-container stk--no-background stk--no-padding\">\n<div class=\"wp-block-stackable-icon-label stk-block-icon-label stk-block stk-9b076ea\" data-block-id=\"9b076ea\"><style>.stk-9b076ea {margin-bottom:0px !important;}<\/style><div class=\"stk-row stk-inner-blocks stk-block-content\">\n<div class=\"wp-block-stackable-icon stk-block-icon has-text-align-left stk-block stk-56505bf\" data-block-id=\"56505bf\"><span class=\"stk--svg-wrapper\"><div class=\"stk--inner-svg\"><svg style=\"height:0;width:0\"><defs><linearGradient id=\"linear-gradient-56505bf\" x1=\"0\" x2=\"100%\" y1=\"0\" y2=\"0\"><stop offset=\"0%\" style=\"stop-opacity:1;stop-color:var(--linear-gradient-56505-bf-color-1)\"><\/stop><stop offset=\"100%\" style=\"stop-opacity:1;stop-color:var(--linear-gradient-56505-bf-color-2)\"><\/stop><\/linearGradient><\/defs><\/svg><svg data-prefix=\"fa\" data-icon=\"star\" class=\"svg-inline--fa fa-star fa-w-18\" xmlns=\"http:\/\/www.w3.org\/2000\/svg\" viewBox=\"0 0 576 512\" aria-hidden=\"true\" width=\"32\" height=\"32\"><path fill=\"currentColor\" d=\"M259.3 17.8L194 150.2 47.9 171.5c-26.2 3.8-36.7 36.1-17.7 54.6l105.7 103-25 145.5c-4.5 26.3 23.2 46 46.4 33.7L288 439.6l130.7 68.7c23.2 12.2 50.9-7.4 46.4-33.7l-25-145.5 105.7-103c19-18.5 8.5-50.8-17.7-54.6L382 150.2 316.7 17.8c-11.7-23.6-45.6-23.9-57.4 0z\"><\/path><\/svg><\/div><\/span><\/div>\n\n\n\n<div class=\"wp-block-stackable-heading stk-block-heading stk-block-heading--v2 stk-block stk-c5ec5bd\" id=\"algunos-de-los-juegos-que-compartimos\" data-block-id=\"c5ec5bd\"><h4 class=\"stk-block-heading__text\">Algunos de los juegos que compartimos<\/h4><\/div>\n<\/div><\/div>\n\n\n\n<div class=\"wp-block-stackable-text stk-block-text stk-block stk-cdf5afe\" data-block-id=\"cdf5afe\"><p class=\"stk-block-text__text\">Siempre estamos ampliando nuestros juegos!<\/p><\/div>\n<\/div><\/div>\n\n\n\n<div class=\"wp-block-stackable-horizontal-scroller stk-block-horizontal-scroller stk-block stk-f6959f3\" data-block-id=\"f6959f3\"><style>.stk-f6959f3-horizontal-scroller{--stk-columns-spacing:0px !important;--stk-column-gap:6px !important;--stk-column-width:167px !important;--stk-column-height:167px !important;--stk-left-offset:0px !important;--stk-snapping:start !important;--stk-scrollbar-height:0px !important;--stk-scrollbar-height-firefox:none !important;--stk-scrollbar-thumb-radius:0px !important;}.stk-f6959f3 .stk--block-align-f6959f3{align-items:flex-start !important;}.stk-f6959f3 {min-height:var(--stk--preset--block-height--x-small, 4rem) !important;padding-top:var(--stk--preset--spacing--20, 0.44rem) !important;padding-right:var(--stk--preset--spacing--20, 0.44rem) !important;padding-bottom:var(--stk--preset--spacing--20, 0.44rem) !important;padding-left:var(--stk--preset--spacing--20, 0.44rem) !important;margin-bottom:var(--stk--preset--spacing--40, 1rem) !important;}<\/style><div class=\"stk-row stk-inner-blocks has-text-align-center stk--block-align-f6959f3 stk-block-content stk-content-align stk-f6959f3-horizontal-scroller stk--with-scrollbar\">\n<div class=\"wp-block-stackable-column stk-block-column stk-column stk-block stk-54dd1a8\" data-v=\"4\" data-block-id=\"54dd1a8\"><style>.stk-54dd1a8-container{min-height:var(--stk--preset--block-height--none, 0px) !important;}<\/style><div class=\"stk-column-wrapper stk-block-column__content stk-container stk-54dd1a8-container stk--no-background stk--no-padding\"><div class=\"stk-block-content stk-inner-blocks stk-54dd1a8-inner-blocks\">\n<figure class=\"wp-block-gallery has-nested-images columns-default is-cropped wp-block-gallery-2 is-layout-flex wp-block-gallery-is-layout-flex\">\n<figure class=\"wp-block-image size-large\"><img loading=\"lazy\" decoding=\"async\" width=\"548\" height=\"542\" data-id=\"1041\" src=\"https:\/\/www.orbitatierra.cl\/wp-content\/uploads\/2025\/07\/gamesapple.png\" alt=\"\" class=\"wp-image-1041\" srcset=\"https:\/\/www.englishparty.cl\/wp-content\/uploads\/2025\/07\/gamesapple.png 548w, https:\/\/www.englishparty.cl\/wp-content\/uploads\/2025\/07\/gamesapple-300x297.png 300w, https:\/\/www.englishparty.cl\/wp-content\/uploads\/2025\/07\/gamesapple-500x495.png 500w\" sizes=\"auto, (max-width: 548px) 100vw, 548px\" \/><\/figure>\n<\/figure>\n<\/div><\/div><\/div>\n\n\n\n<div class=\"wp-block-stackable-column stk-block-column stk-column stk-block stk-532e7ee\" data-v=\"4\" data-block-id=\"532e7ee\"><div class=\"stk-column-wrapper stk-block-column__content stk-container stk-532e7ee-container stk--no-background stk--no-padding\"><div class=\"stk-block-content stk-inner-blocks stk-532e7ee-inner-blocks\">\n<figure class=\"wp-block-gallery has-nested-images columns-default is-cropped wp-block-gallery-3 is-layout-flex wp-block-gallery-is-layout-flex\">\n<figure class=\"wp-block-image size-large\"><img loading=\"lazy\" decoding=\"async\" width=\"548\" height=\"542\" data-id=\"1042\" src=\"https:\/\/www.orbitatierra.cl\/wp-content\/uploads\/2025\/07\/gamesbalder.png\" alt=\"\" class=\"wp-image-1042\" srcset=\"https:\/\/www.englishparty.cl\/wp-content\/uploads\/2025\/07\/gamesbalder.png 548w, https:\/\/www.englishparty.cl\/wp-content\/uploads\/2025\/07\/gamesbalder-300x297.png 300w, https:\/\/www.englishparty.cl\/wp-content\/uploads\/2025\/07\/gamesbalder-500x495.png 500w\" sizes=\"auto, (max-width: 548px) 100vw, 548px\" \/><\/figure>\n<\/figure>\n<\/div><\/div><\/div>\n\n\n\n<div class=\"wp-block-stackable-column stk-block-column stk-column stk-block stk-63d4b76\" data-v=\"4\" data-block-id=\"63d4b76\"><div class=\"stk-column-wrapper stk-block-column__content stk-container stk-63d4b76-container stk--no-background stk--no-padding\"><div class=\"stk-block-content stk-inner-blocks stk-63d4b76-inner-blocks\">\n<figure class=\"wp-block-gallery has-nested-images columns-default is-cropped wp-block-gallery-4 is-layout-flex wp-block-gallery-is-layout-flex\">\n<figure class=\"wp-block-image size-full\"><img loading=\"lazy\" decoding=\"async\" width=\"378\" height=\"372\" data-id=\"1299\" src=\"https:\/\/www.orbitatierra.cl\/wp-content\/uploads\/2025\/09\/gamescode.png\" alt=\"\" class=\"wp-image-1299\"\/><\/figure>\n<\/figure>\n<\/div><\/div><\/div>\n\n\n\n<div class=\"wp-block-stackable-column stk-block-column stk-column stk-block stk-095c4e7\" data-v=\"4\" data-block-id=\"095c4e7\"><div class=\"stk-column-wrapper stk-block-column__content stk-container stk-095c4e7-container stk--no-background stk--no-padding\"><div class=\"stk-block-content stk-inner-blocks stk-095c4e7-inner-blocks\">\n<figure class=\"wp-block-gallery has-nested-images columns-default is-cropped wp-block-gallery-5 is-layout-flex wp-block-gallery-is-layout-flex\">\n<figure class=\"wp-block-image size-full\"><img loading=\"lazy\" decoding=\"async\" width=\"398\" height=\"361\" data-id=\"1300\" src=\"https:\/\/www.orbitatierra.cl\/wp-content\/uploads\/2025\/09\/gamestaboosquare.png\" alt=\"\" class=\"wp-image-1300\"\/><\/figure>\n<\/figure>\n<\/div><\/div><\/div>\n\n\n\n<div class=\"wp-block-stackable-column stk-block-column stk-column stk-block stk-ccc4de0\" data-v=\"4\" data-block-id=\"ccc4de0\"><div class=\"stk-column-wrapper stk-block-column__content stk-container stk-ccc4de0-container stk--no-background stk--no-padding\"><div class=\"stk-block-content stk-inner-blocks stk-ccc4de0-inner-blocks\">\n<figure class=\"wp-block-gallery has-nested-images columns-default is-cropped wp-block-gallery-6 is-layout-flex wp-block-gallery-is-layout-flex\">\n<figure class=\"wp-block-image size-large\"><img loading=\"lazy\" decoding=\"async\" width=\"894\" height=\"894\" data-id=\"1047\" src=\"https:\/\/www.orbitatierra.cl\/wp-content\/uploads\/2025\/07\/CHARADE.jpg\" alt=\"\" class=\"wp-image-1047\" srcset=\"https:\/\/www.englishparty.cl\/wp-content\/uploads\/2025\/07\/CHARADE.jpg 894w, https:\/\/www.englishparty.cl\/wp-content\/uploads\/2025\/07\/CHARADE-300x300.jpg 300w, https:\/\/www.englishparty.cl\/wp-content\/uploads\/2025\/07\/CHARADE-150x150.jpg 150w, https:\/\/www.englishparty.cl\/wp-content\/uploads\/2025\/07\/CHARADE-768x768.jpg 768w, https:\/\/www.englishparty.cl\/wp-content\/uploads\/2025\/07\/CHARADE-500x500.jpg 500w, https:\/\/www.englishparty.cl\/wp-content\/uploads\/2025\/07\/CHARADE-800x800.jpg 800w\" sizes=\"auto, (max-width: 894px) 100vw, 894px\" \/><\/figure>\n<\/figure>\n<\/div><\/div><\/div>\n\n\n\n<div class=\"wp-block-stackable-column stk-block-column stk-column stk-block stk-bafd73c\" data-v=\"4\" data-block-id=\"bafd73c\"><div class=\"stk-column-wrapper stk-block-column__content stk-container stk-bafd73c-container stk--no-background stk--no-padding\"><div class=\"stk-block-content stk-inner-blocks stk-bafd73c-inner-blocks\">\n<figure class=\"wp-block-gallery has-nested-images columns-default is-cropped wp-block-gallery-7 is-layout-flex wp-block-gallery-is-layout-flex\">\n<figure class=\"wp-block-image size-full\"><img loading=\"lazy\" decoding=\"async\" width=\"1500\" height=\"1500\" data-id=\"1302\" src=\"https:\/\/www.orbitatierra.cl\/wp-content\/uploads\/2025\/09\/dixit2.jpg\" alt=\"\" class=\"wp-image-1302\" srcset=\"https:\/\/www.englishparty.cl\/wp-content\/uploads\/2025\/09\/dixit2.jpg 1500w, https:\/\/www.englishparty.cl\/wp-content\/uploads\/2025\/09\/dixit2-600x600.jpg 600w, https:\/\/www.englishparty.cl\/wp-content\/uploads\/2025\/09\/dixit2-150x150.jpg 150w, https:\/\/www.englishparty.cl\/wp-content\/uploads\/2025\/09\/dixit2-768x768.jpg 768w, https:\/\/www.englishparty.cl\/wp-content\/uploads\/2025\/09\/dixit2-500x500.jpg 500w, https:\/\/www.englishparty.cl\/wp-content\/uploads\/2025\/09\/dixit2-800x800.jpg 800w, https:\/\/www.englishparty.cl\/wp-content\/uploads\/2025\/09\/dixit2-1280x1280.jpg 1280w\" sizes=\"auto, (max-width: 1500px) 100vw, 1500px\" \/><\/figure>\n<\/figure>\n<\/div><\/div><\/div>\n\n\n\n<div class=\"wp-block-stackable-column stk-block-column stk-column stk-block stk-ed9d758\" data-v=\"4\" data-block-id=\"ed9d758\"><div class=\"stk-column-wrapper stk-block-column__content stk-container stk-ed9d758-container stk--no-background stk--no-padding\"><div class=\"stk-block-content stk-inner-blocks stk-ed9d758-inner-blocks\">\n<figure class=\"wp-block-gallery has-nested-images columns-default is-cropped wp-block-gallery-8 is-layout-flex wp-block-gallery-is-layout-flex\"><\/figure>\n<\/div><\/div><\/div>\n<\/div><\/div>\n\n\n\n<p><\/p>\n","protected":false},"excerpt":{"rendered":"<p>Juegos! \u00a1Descubre el poder del trabajo en equipo con las sesiones de juegos de English Party! Nuestra amplia colecci\u00f3n de juegos fomenta la conversaci\u00f3n, fortalece la colaboraci\u00f3n y crea un ambiente din\u00e1mico donde los participantes ganan confianza, sueltan la lengua y practican ingl\u00e9s mientras se divierten en equipo. Algunos de los juegos que compartimos Siempre [&hellip;]<\/p>\n","protected":false},"author":1,"featured_media":0,"parent":0,"menu_order":0,"comment_status":"closed","ping_status":"closed","template":"","meta":{"footnotes":""},"class_list":["post-960","page","type-page","status-publish","hentry"],"blocksy_meta":[],"_links":{"self":[{"href":"https:\/\/www.englishparty.cl\/index.php\/wp-json\/wp\/v2\/pages\/960","targetHints":{"allow":["GET"]}}],"collection":[{"href":"https:\/\/www.englishparty.cl\/index.php\/wp-json\/wp\/v2\/pages"}],"about":[{"href":"https:\/\/www.englishparty.cl\/index.php\/wp-json\/wp\/v2\/types\/page"}],"author":[{"embeddable":true,"href":"https:\/\/www.englishparty.cl\/index.php\/wp-json\/wp\/v2\/users\/1"}],"replies":[{"embeddable":true,"href":"https:\/\/www.englishparty.cl\/index.php\/wp-json\/wp\/v2\/comments?post=960"}],"version-history":[{"count":34,"href":"https:\/\/www.englishparty.cl\/index.php\/wp-json\/wp\/v2\/pages\/960\/revisions"}],"predecessor-version":[{"id":1337,"href":"https:\/\/www.englishparty.cl\/index.php\/wp-json\/wp\/v2\/pages\/960\/revisions\/1337"}],"wp:attachment":[{"href":"https:\/\/www.englishparty.cl\/index.php\/wp-json\/wp\/v2\/media?parent=960"}],"curies":[{"name":"wp","href":"https:\/\/api.w.org\/{rel}","templated":true}]}}