{"id":1084,"date":"2025-07-06T00:11:33","date_gmt":"2025-07-06T03:11:33","guid":{"rendered":"https:\/\/www.orbitatierra.cl\/?page_id=1084"},"modified":"2025-10-03T19:25:22","modified_gmt":"2025-10-03T22:25:22","slug":"arts-and-crafts","status":"publish","type":"page","link":"https:\/\/www.englishparty.cl\/index.php\/arts-and-crafts\/","title":{"rendered":"Arte y Manualidades"},"content":{"rendered":"\n<div class=\"wp-block-stackable-columns stk-block-columns stk-block stk-3f7184f\" data-block-id=\"3f7184f\"><div class=\"stk-row stk-inner-blocks stk-block-content stk-content-align stk-3f7184f-column\">\n<div class=\"wp-block-stackable-column stk-block-column stk-column stk-block stk-2e75c09\" data-v=\"4\" data-block-id=\"2e75c09\"><style>@media screen and (min-width:690px){.stk-2e75c09 {flex:var(--stk-flex-grow, 1) 1 33.3% !important;}}<\/style><div class=\"stk-column-wrapper stk-block-column__content stk-container stk-2e75c09-container stk--no-background stk--no-padding\"><div class=\"stk-block-content stk-inner-blocks stk-2e75c09-inner-blocks\">\n<div class=\"wp-block-stackable-hero stk-block-hero stk-block stk-b7cee2c stk-block-background is-style-default\" data-v=\"2\" data-block-id=\"b7cee2c\"><style>.stk-b7cee2c-inner-blocks{justify-content:center !important;}.stk-b7cee2c {background-color:var(--theme-palette-color-8, #ffffff) !important;border-top-left-radius:var(--stk--preset--border-radius--x-small, 2px) !important;border-top-right-radius:var(--stk--preset--border-radius--x-small, 2px) !important;border-bottom-right-radius:var(--stk--preset--border-radius--x-small, 2px) !important;border-bottom-left-radius:var(--stk--preset--border-radius--x-small, 2px) !important;overflow:hidden !important;box-shadow:0 5px 5px 0 #123f5209 !important;margin-bottom:0px !important;}.stk-b7cee2c:before{background-color:var(--theme-palette-color-8, #ffffff) !important;}.stk-b7cee2c-container{background-image:url(https:\/\/www.englishparty.cl\/wp-content\/uploads\/2025\/07\/fondoactividades3.png) !important;}.stk-b7cee2c-container:before{opacity:0 !important;}.stk-b7cee2c .stk-block-hero__content{min-height:500px !important;align-items:center !important;display:flex !important;}<\/style><div class=\"stk-block-hero__content stk-content-align stk-b7cee2c-column stk-container stk-b7cee2c-container stk-hover-parent stk--has-background-overlay\"><div class=\"stk-block-content stk-inner-blocks has-text-align-center stk--column-flex stk-b7cee2c-inner-blocks\">\n<p><\/p>\n\n\n\n<p><\/p>\n\n\n\n<p><\/p>\n\n\n\n<div class=\"wp-block-stackable-heading stk-block-heading stk-block-heading--v2 stk-block stk-c16837f\" id=\"arte-y-manualidades\" data-block-id=\"c16837f\"><style>.stk-c16837f .stk-block-heading__top-line{height:7px !important;width:60px !important;margin-bottom:38px !important;}.stk-c16837f {padding-top:var(--stk--preset--spacing--none, 0px) !important;padding-right:var(--stk--preset--spacing--none, 0px) !important;padding-bottom:var(--stk--preset--spacing--none, 0px) !important;padding-left:var(--stk--preset--spacing--none, 0px) !important;margin-top:var(--stk--preset--spacing--60, 2.25rem) !important;top:41px !important;}@media screen and (max-width:689px){.stk-c16837f {margin-top:var(--stk--preset--spacing--80, 5.06rem) !important;}}<\/style><h3 class=\"stk-block-heading__text\">Arte y Manualidades<\/h3><\/div>\n\n\n\n<p><\/p>\n\n\n\n<p><\/p>\n\n\n\n<div class=\"wp-block-stackable-text stk-block-text stk-block stk-9439674\" data-block-id=\"9439674\"><p class=\"stk-block-text__text\">En English Party, te invitamos a despertar tu creatividad y cultivar tu bienestar a trav\u00e9s de talleres din\u00e1micos en diversas t\u00e9cnicas art\u00edsticas. Desde la pintura acr\u00edlica hasta la creaci\u00f3n de mosaicos, nuestros talleres en ingl\u00e9s est\u00e1n dise\u00f1ados para inspirarte y fomentar la pr\u00e1ctica del mindfulness. Sum\u00e9rgete en un espacio de relajaci\u00f3n, conexi\u00f3n personal y plena atenci\u00f3n, donde crear arte se convierte en una experiencia enriquecedora y transformadora.<\/p><\/div>\n\n\n\n<div class=\"wp-block-stackable-image stk-block-image stk-block stk-35b6175\" data-block-id=\"35b6175\"><style>.stk-35b6175 .stk-img-wrapper{width:30% !important;}<\/style><figure><span class=\"stk-img-wrapper stk-image--shape-stretch\"><img loading=\"lazy\" decoding=\"async\" class=\"stk-img wp-image-704\" src=\"https:\/\/www.englishparty.cl\/wp-content\/uploads\/2025\/06\/logo_banner.png\" width=\"463\" height=\"339\" srcset=\"https:\/\/www.englishparty.cl\/wp-content\/uploads\/2025\/06\/logo_banner.png 463w, https:\/\/www.englishparty.cl\/wp-content\/uploads\/2025\/06\/logo_banner-300x220.png 300w\" sizes=\"auto, (max-width: 463px) 100vw, 463px\" \/><\/span><\/figure><\/div>\n<\/div><\/div><\/div>\n\n\n\n<p><\/p>\n<\/div><\/div><\/div>\n\n\n\n<div class=\"wp-block-stackable-column stk-block-column stk-column stk-block stk-1777b17\" data-v=\"4\" data-block-id=\"1777b17\"><style>.stk-1777b17-container{margin-top:var(--stk--preset--spacing--none, 0px) !important;margin-right:var(--stk--preset--spacing--none, 0px) !important;margin-bottom:var(--stk--preset--spacing--none, 0px) !important;margin-left:var(--stk--preset--spacing--none, 0px) !important;min-height:var(--stk--preset--block-height--none, 0px) !important;max-width:1500px !important;min-width:auto !important;padding-top:var(--stk--preset--spacing--none, 0px) !important;padding-right:var(--stk--preset--spacing--none, 0px) !important;padding-bottom:var(--stk--preset--spacing--none, 0px) !important;padding-left:var(--stk--preset--spacing--none, 0px) !important;}.stk-1777b17-inner-blocks{row-gap:var(--stk--preset--spacing--none, 0px) !important;}@media screen and (min-width:690px){.stk-1777b17 {flex:var(--stk-flex-grow, 1) 1 66.7% !important;}}<\/style><div class=\"stk-column-wrapper stk-block-column__content stk-container stk-1777b17-container stk--no-background stk--no-padding\"><div class=\"stk-block-content stk-inner-blocks stk-1777b17-inner-blocks\">\n<figure class=\"wp-block-gallery has-nested-images columns-default is-cropped wp-block-gallery-1 is-layout-flex wp-block-gallery-is-layout-flex\">\n<figure class=\"wp-block-image size-large\"><img loading=\"lazy\" decoding=\"async\" width=\"1024\" height=\"768\" data-id=\"1236\" src=\"https:\/\/www.orbitatierra.cl\/wp-content\/uploads\/2025\/08\/IMG_6471-1024x768.jpeg\" alt=\"\" class=\"wp-image-1236\" srcset=\"https:\/\/www.englishparty.cl\/wp-content\/uploads\/2025\/08\/IMG_6471-1024x768.jpeg 1024w, https:\/\/www.englishparty.cl\/wp-content\/uploads\/2025\/08\/IMG_6471-300x225.jpeg 300w, https:\/\/www.englishparty.cl\/wp-content\/uploads\/2025\/08\/IMG_6471-768x576.jpeg 768w, https:\/\/www.englishparty.cl\/wp-content\/uploads\/2025\/08\/IMG_6471-1536x1152.jpeg 1536w, https:\/\/www.englishparty.cl\/wp-content\/uploads\/2025\/08\/IMG_6471-2048x1536.jpeg 2048w, https:\/\/www.englishparty.cl\/wp-content\/uploads\/2025\/08\/IMG_6471-500x375.jpeg 500w, https:\/\/www.englishparty.cl\/wp-content\/uploads\/2025\/08\/IMG_6471-800x600.jpeg 800w, https:\/\/www.englishparty.cl\/wp-content\/uploads\/2025\/08\/IMG_6471-1280x960.jpeg 1280w, https:\/\/www.englishparty.cl\/wp-content\/uploads\/2025\/08\/IMG_6471-1920x1440.jpeg 1920w\" sizes=\"auto, (max-width: 1024px) 100vw, 1024px\" \/><\/figure>\n\n\n\n<figure class=\"wp-block-image size-large\"><img loading=\"lazy\" decoding=\"async\" width=\"1024\" height=\"713\" data-id=\"1237\" src=\"https:\/\/www.orbitatierra.cl\/wp-content\/uploads\/2025\/08\/7ecb21ef-a41b-4851-95ee-c71003f2640d-2-1024x713.jpg\" alt=\"\" class=\"wp-image-1237\" srcset=\"https:\/\/www.englishparty.cl\/wp-content\/uploads\/2025\/08\/7ecb21ef-a41b-4851-95ee-c71003f2640d-2-1024x713.jpg 1024w, https:\/\/www.englishparty.cl\/wp-content\/uploads\/2025\/08\/7ecb21ef-a41b-4851-95ee-c71003f2640d-2-300x209.jpg 300w, https:\/\/www.englishparty.cl\/wp-content\/uploads\/2025\/08\/7ecb21ef-a41b-4851-95ee-c71003f2640d-2-768x534.jpg 768w, https:\/\/www.englishparty.cl\/wp-content\/uploads\/2025\/08\/7ecb21ef-a41b-4851-95ee-c71003f2640d-2-500x348.jpg 500w, https:\/\/www.englishparty.cl\/wp-content\/uploads\/2025\/08\/7ecb21ef-a41b-4851-95ee-c71003f2640d-2-800x557.jpg 800w, https:\/\/www.englishparty.cl\/wp-content\/uploads\/2025\/08\/7ecb21ef-a41b-4851-95ee-c71003f2640d-2.jpg 1105w\" sizes=\"auto, (max-width: 1024px) 100vw, 1024px\" \/><\/figure>\n\n\n\n<figure class=\"wp-block-image size-full\"><img loading=\"lazy\" decoding=\"async\" width=\"400\" height=\"317\" data-id=\"1244\" src=\"https:\/\/www.orbitatierra.cl\/wp-content\/uploads\/2025\/08\/The-Park.jpg\" alt=\"\" class=\"wp-image-1244\" srcset=\"https:\/\/www.englishparty.cl\/wp-content\/uploads\/2025\/08\/The-Park.jpg 400w, https:\/\/www.englishparty.cl\/wp-content\/uploads\/2025\/08\/The-Park-300x238.jpg 300w\" sizes=\"auto, (max-width: 400px) 100vw, 400px\" \/><\/figure>\n\n\n\n<figure class=\"wp-block-image size-large\"><img loading=\"lazy\" decoding=\"async\" width=\"1024\" height=\"1024\" data-id=\"1214\" src=\"https:\/\/www.englishparty.cl\/wp-content\/uploads\/2025\/08\/IMG_6330-1024x1024.jpg\" alt=\"\" class=\"wp-image-1214\" srcset=\"https:\/\/www.englishparty.cl\/wp-content\/uploads\/2025\/08\/IMG_6330-1024x1024.jpg 1024w, https:\/\/www.englishparty.cl\/wp-content\/uploads\/2025\/08\/IMG_6330-300x300.jpg 300w, https:\/\/www.englishparty.cl\/wp-content\/uploads\/2025\/08\/IMG_6330-150x150.jpg 150w, https:\/\/www.englishparty.cl\/wp-content\/uploads\/2025\/08\/IMG_6330-768x768.jpg 768w, https:\/\/www.englishparty.cl\/wp-content\/uploads\/2025\/08\/IMG_6330-1536x1536.jpg 1536w, https:\/\/www.englishparty.cl\/wp-content\/uploads\/2025\/08\/IMG_6330-2048x2048.jpg 2048w, https:\/\/www.englishparty.cl\/wp-content\/uploads\/2025\/08\/IMG_6330-500x500.jpg 500w, https:\/\/www.englishparty.cl\/wp-content\/uploads\/2025\/08\/IMG_6330-800x800.jpg 800w, https:\/\/www.englishparty.cl\/wp-content\/uploads\/2025\/08\/IMG_6330-1280x1280.jpg 1280w, https:\/\/www.englishparty.cl\/wp-content\/uploads\/2025\/08\/IMG_6330-1920x1920.jpg 1920w\" sizes=\"auto, (max-width: 1024px) 100vw, 1024px\" \/><\/figure>\n\n\n\n<figure class=\"wp-block-image size-large\"><img loading=\"lazy\" decoding=\"async\" width=\"1024\" height=\"768\" data-id=\"1233\" src=\"https:\/\/www.englishparty.cl\/wp-content\/uploads\/2025\/08\/IMG_7586-1024x768.jpeg\" alt=\"\" class=\"wp-image-1233\" srcset=\"https:\/\/www.englishparty.cl\/wp-content\/uploads\/2025\/08\/IMG_7586-1024x768.jpeg 1024w, https:\/\/www.englishparty.cl\/wp-content\/uploads\/2025\/08\/IMG_7586-300x225.jpeg 300w, https:\/\/www.englishparty.cl\/wp-content\/uploads\/2025\/08\/IMG_7586-768x576.jpeg 768w, https:\/\/www.englishparty.cl\/wp-content\/uploads\/2025\/08\/IMG_7586-1536x1152.jpeg 1536w, https:\/\/www.englishparty.cl\/wp-content\/uploads\/2025\/08\/IMG_7586-2048x1536.jpeg 2048w, https:\/\/www.englishparty.cl\/wp-content\/uploads\/2025\/08\/IMG_7586-500x375.jpeg 500w, https:\/\/www.englishparty.cl\/wp-content\/uploads\/2025\/08\/IMG_7586-800x600.jpeg 800w, https:\/\/www.englishparty.cl\/wp-content\/uploads\/2025\/08\/IMG_7586-1280x960.jpeg 1280w, https:\/\/www.englishparty.cl\/wp-content\/uploads\/2025\/08\/IMG_7586-1920x1440.jpeg 1920w\" sizes=\"auto, (max-width: 1024px) 100vw, 1024px\" \/><\/figure>\n\n\n\n<figure class=\"wp-block-image size-large\"><img loading=\"lazy\" decoding=\"async\" width=\"1024\" height=\"1024\" data-id=\"1234\" src=\"https:\/\/www.orbitatierra.cl\/wp-content\/uploads\/2025\/08\/IMG_7601-1024x1024.jpeg\" alt=\"\" class=\"wp-image-1234\" srcset=\"https:\/\/www.englishparty.cl\/wp-content\/uploads\/2025\/08\/IMG_7601-1024x1024.jpeg 1024w, https:\/\/www.englishparty.cl\/wp-content\/uploads\/2025\/08\/IMG_7601-300x300.jpeg 300w, https:\/\/www.englishparty.cl\/wp-content\/uploads\/2025\/08\/IMG_7601-150x150.jpeg 150w, https:\/\/www.englishparty.cl\/wp-content\/uploads\/2025\/08\/IMG_7601-768x768.jpeg 768w, https:\/\/www.englishparty.cl\/wp-content\/uploads\/2025\/08\/IMG_7601-1536x1536.jpeg 1536w, https:\/\/www.englishparty.cl\/wp-content\/uploads\/2025\/08\/IMG_7601-2048x2048.jpeg 2048w, https:\/\/www.englishparty.cl\/wp-content\/uploads\/2025\/08\/IMG_7601-500x500.jpeg 500w, https:\/\/www.englishparty.cl\/wp-content\/uploads\/2025\/08\/IMG_7601-800x800.jpeg 800w, https:\/\/www.englishparty.cl\/wp-content\/uploads\/2025\/08\/IMG_7601-1280x1280.jpeg 1280w, https:\/\/www.englishparty.cl\/wp-content\/uploads\/2025\/08\/IMG_7601-1920x1920.jpeg 1920w\" sizes=\"auto, (max-width: 1024px) 100vw, 1024px\" \/><\/figure>\n\n\n\n<figure class=\"wp-block-image size-large\"><img loading=\"lazy\" decoding=\"async\" width=\"1024\" height=\"768\" data-id=\"1235\" src=\"https:\/\/www.orbitatierra.cl\/wp-content\/uploads\/2025\/08\/IMG_6505-1024x768.jpeg\" alt=\"\" class=\"wp-image-1235\" srcset=\"https:\/\/www.englishparty.cl\/wp-content\/uploads\/2025\/08\/IMG_6505-1024x768.jpeg 1024w, https:\/\/www.englishparty.cl\/wp-content\/uploads\/2025\/08\/IMG_6505-300x225.jpeg 300w, https:\/\/www.englishparty.cl\/wp-content\/uploads\/2025\/08\/IMG_6505-768x576.jpeg 768w, https:\/\/www.englishparty.cl\/wp-content\/uploads\/2025\/08\/IMG_6505-1536x1152.jpeg 1536w, https:\/\/www.englishparty.cl\/wp-content\/uploads\/2025\/08\/IMG_6505-2048x1536.jpeg 2048w, https:\/\/www.englishparty.cl\/wp-content\/uploads\/2025\/08\/IMG_6505-500x375.jpeg 500w, https:\/\/www.englishparty.cl\/wp-content\/uploads\/2025\/08\/IMG_6505-800x600.jpeg 800w, https:\/\/www.englishparty.cl\/wp-content\/uploads\/2025\/08\/IMG_6505-1280x960.jpeg 1280w, https:\/\/www.englishparty.cl\/wp-content\/uploads\/2025\/08\/IMG_6505-1920x1440.jpeg 1920w\" sizes=\"auto, (max-width: 1024px) 100vw, 1024px\" \/><\/figure>\n\n\n\n<figure class=\"wp-block-image size-large\"><img loading=\"lazy\" decoding=\"async\" width=\"1024\" height=\"768\" data-id=\"1233\" src=\"https:\/\/www.orbitatierra.cl\/wp-content\/uploads\/2025\/08\/IMG_7586-1024x768.jpeg\" alt=\"\" class=\"wp-image-1233\" srcset=\"https:\/\/www.englishparty.cl\/wp-content\/uploads\/2025\/08\/IMG_7586-1024x768.jpeg 1024w, https:\/\/www.englishparty.cl\/wp-content\/uploads\/2025\/08\/IMG_7586-300x225.jpeg 300w, https:\/\/www.englishparty.cl\/wp-content\/uploads\/2025\/08\/IMG_7586-768x576.jpeg 768w, https:\/\/www.englishparty.cl\/wp-content\/uploads\/2025\/08\/IMG_7586-1536x1152.jpeg 1536w, https:\/\/www.englishparty.cl\/wp-content\/uploads\/2025\/08\/IMG_7586-2048x1536.jpeg 2048w, https:\/\/www.englishparty.cl\/wp-content\/uploads\/2025\/08\/IMG_7586-500x375.jpeg 500w, https:\/\/www.englishparty.cl\/wp-content\/uploads\/2025\/08\/IMG_7586-800x600.jpeg 800w, https:\/\/www.englishparty.cl\/wp-content\/uploads\/2025\/08\/IMG_7586-1280x960.jpeg 1280w, https:\/\/www.englishparty.cl\/wp-content\/uploads\/2025\/08\/IMG_7586-1920x1440.jpeg 1920w\" sizes=\"auto, (max-width: 1024px) 100vw, 1024px\" \/><\/figure>\n<\/figure>\n<\/div><\/div><\/div>\n<\/div><\/div>\n\n\n\n<figure class=\"wp-block-gallery has-nested-images columns-default is-cropped wp-block-gallery-2 is-layout-flex wp-block-gallery-is-layout-flex\">\n<figure class=\"wp-block-image size-large\"><img loading=\"lazy\" decoding=\"async\" width=\"1013\" height=\"1024\" data-id=\"1243\" src=\"https:\/\/www.orbitatierra.cl\/wp-content\/uploads\/2025\/08\/IMG_0272-1-1013x1024.jpg\" alt=\"\" class=\"wp-image-1243\" srcset=\"https:\/\/www.englishparty.cl\/wp-content\/uploads\/2025\/08\/IMG_0272-1-1013x1024.jpg 1013w, https:\/\/www.englishparty.cl\/wp-content\/uploads\/2025\/08\/IMG_0272-1-297x300.jpg 297w, https:\/\/www.englishparty.cl\/wp-content\/uploads\/2025\/08\/IMG_0272-1-768x776.jpg 768w, https:\/\/www.englishparty.cl\/wp-content\/uploads\/2025\/08\/IMG_0272-1-1520x1536.jpg 1520w, https:\/\/www.englishparty.cl\/wp-content\/uploads\/2025\/08\/IMG_0272-1-2026x2048.jpg 2026w, https:\/\/www.englishparty.cl\/wp-content\/uploads\/2025\/08\/IMG_0272-1-500x505.jpg 500w, https:\/\/www.englishparty.cl\/wp-content\/uploads\/2025\/08\/IMG_0272-1-800x809.jpg 800w, https:\/\/www.englishparty.cl\/wp-content\/uploads\/2025\/08\/IMG_0272-1-1280x1294.jpg 1280w, https:\/\/www.englishparty.cl\/wp-content\/uploads\/2025\/08\/IMG_0272-1-1920x1940.jpg 1920w\" sizes=\"auto, (max-width: 1013px) 100vw, 1013px\" \/><\/figure>\n\n\n\n<figure class=\"wp-block-image size-large\"><img loading=\"lazy\" decoding=\"async\" width=\"1024\" height=\"1024\" data-id=\"1241\" src=\"https:\/\/www.orbitatierra.cl\/wp-content\/uploads\/2025\/08\/IMG_0274-1-1024x1024.jpg\" alt=\"\" class=\"wp-image-1241\" srcset=\"https:\/\/www.englishparty.cl\/wp-content\/uploads\/2025\/08\/IMG_0274-1-1024x1024.jpg 1024w, https:\/\/www.englishparty.cl\/wp-content\/uploads\/2025\/08\/IMG_0274-1-300x300.jpg 300w, https:\/\/www.englishparty.cl\/wp-content\/uploads\/2025\/08\/IMG_0274-1-150x150.jpg 150w, https:\/\/www.englishparty.cl\/wp-content\/uploads\/2025\/08\/IMG_0274-1-768x768.jpg 768w, https:\/\/www.englishparty.cl\/wp-content\/uploads\/2025\/08\/IMG_0274-1-1536x1536.jpg 1536w, https:\/\/www.englishparty.cl\/wp-content\/uploads\/2025\/08\/IMG_0274-1-2048x2048.jpg 2048w, https:\/\/www.englishparty.cl\/wp-content\/uploads\/2025\/08\/IMG_0274-1-500x500.jpg 500w, https:\/\/www.englishparty.cl\/wp-content\/uploads\/2025\/08\/IMG_0274-1-800x800.jpg 800w, https:\/\/www.englishparty.cl\/wp-content\/uploads\/2025\/08\/IMG_0274-1-1280x1280.jpg 1280w, https:\/\/www.englishparty.cl\/wp-content\/uploads\/2025\/08\/IMG_0274-1-1920x1920.jpg 1920w\" sizes=\"auto, (max-width: 1024px) 100vw, 1024px\" \/><\/figure>\n\n\n\n<figure class=\"wp-block-image size-large\"><img loading=\"lazy\" decoding=\"async\" width=\"961\" height=\"1024\" data-id=\"1242\" src=\"https:\/\/www.orbitatierra.cl\/wp-content\/uploads\/2025\/08\/IMG_0279-1-961x1024.jpg\" alt=\"\" class=\"wp-image-1242\" srcset=\"https:\/\/www.englishparty.cl\/wp-content\/uploads\/2025\/08\/IMG_0279-1-961x1024.jpg 961w, https:\/\/www.englishparty.cl\/wp-content\/uploads\/2025\/08\/IMG_0279-1-281x300.jpg 281w, https:\/\/www.englishparty.cl\/wp-content\/uploads\/2025\/08\/IMG_0279-1-768x818.jpg 768w, https:\/\/www.englishparty.cl\/wp-content\/uploads\/2025\/08\/IMG_0279-1-1441x1536.jpg 1441w, https:\/\/www.englishparty.cl\/wp-content\/uploads\/2025\/08\/IMG_0279-1-1922x2048.jpg 1922w, https:\/\/www.englishparty.cl\/wp-content\/uploads\/2025\/08\/IMG_0279-1-500x533.jpg 500w, https:\/\/www.englishparty.cl\/wp-content\/uploads\/2025\/08\/IMG_0279-1-800x853.jpg 800w, https:\/\/www.englishparty.cl\/wp-content\/uploads\/2025\/08\/IMG_0279-1-1280x1364.jpg 1280w, https:\/\/www.englishparty.cl\/wp-content\/uploads\/2025\/08\/IMG_0279-1-1920x2046.jpg 1920w\" sizes=\"auto, (max-width: 961px) 100vw, 961px\" \/><\/figure>\n<\/figure>\n\n\n\n<p><\/p>\n","protected":false},"excerpt":{"rendered":"<p>Arte y Manualidades En English Party, te invitamos a despertar tu creatividad y cultivar tu bienestar a trav\u00e9s de talleres din\u00e1micos en diversas t\u00e9cnicas art\u00edsticas. Desde la pintura acr\u00edlica hasta la creaci\u00f3n de mosaicos, nuestros talleres en ingl\u00e9s est\u00e1n dise\u00f1ados para inspirarte y fomentar la pr\u00e1ctica del mindfulness. Sum\u00e9rgete en un espacio de relajaci\u00f3n, conexi\u00f3n [&hellip;]<\/p>\n","protected":false},"author":1,"featured_media":0,"parent":0,"menu_order":0,"comment_status":"closed","ping_status":"closed","template":"","meta":{"footnotes":""},"class_list":["post-1084","page","type-page","status-publish","hentry"],"blocksy_meta":[],"_links":{"self":[{"href":"https:\/\/www.englishparty.cl\/index.php\/wp-json\/wp\/v2\/pages\/1084","targetHints":{"allow":["GET"]}}],"collection":[{"href":"https:\/\/www.englishparty.cl\/index.php\/wp-json\/wp\/v2\/pages"}],"about":[{"href":"https:\/\/www.englishparty.cl\/index.php\/wp-json\/wp\/v2\/types\/page"}],"author":[{"embeddable":true,"href":"https:\/\/www.englishparty.cl\/index.php\/wp-json\/wp\/v2\/users\/1"}],"replies":[{"embeddable":true,"href":"https:\/\/www.englishparty.cl\/index.php\/wp-json\/wp\/v2\/comments?post=1084"}],"version-history":[{"count":19,"href":"https:\/\/www.englishparty.cl\/index.php\/wp-json\/wp\/v2\/pages\/1084\/revisions"}],"predecessor-version":[{"id":1342,"href":"https:\/\/www.englishparty.cl\/index.php\/wp-json\/wp\/v2\/pages\/1084\/revisions\/1342"}],"wp:attachment":[{"href":"https:\/\/www.englishparty.cl\/index.php\/wp-json\/wp\/v2\/media?parent=1084"}],"curies":[{"name":"wp","href":"https:\/\/api.w.org\/{rel}","templated":true}]}}